{"id":43,"date":"2024-02-12T21:10:08","date_gmt":"2024-02-12T20:10:08","guid":{"rendered":"https:\/\/www.freakyfrogs.de\/?page_id=43"},"modified":"2026-02-12T18:44:16","modified_gmt":"2026-02-12T17:44:16","slug":"regelwerk-steeldarts-liga","status":"publish","type":"page","link":"https:\/\/www.freakyfrogs.de\/?page_id=43","title":{"rendered":"Regelwerk"},"content":{"rendered":"\n<h6 class=\"wp-block-heading\">Regelwerk der \u201cFreaky Frogs e.V. &#8211; Steeldarts Liga\u201d<\/h6>\n\n\n\n<p>G\u00fcltig ab: 01.01.2026<\/p>\n\n\n\n<p><strong><u><strong>1. Spielordnung<\/strong><\/u><\/strong><\/p>\n\n\n\n<p><strong>1.1 Erkl\u00e4rung der Spielordnung<\/strong><\/p>\n\n\n\n<p>Die Spielordnung der Steeldarts Liga des Freaky Frogs e.V. (SL) dient dazu, einen reibungslosen Ablauf der Liga zu gew\u00e4hrleisten. Sie wird von der Mitgliederversammlung des Freaky Frogs e.V. abgenommen. Sie regelt nicht den Ablauf anderer Veranstaltungen des Freaky Frogs e.V.<\/p>\n\n\n\n<p><strong>1.2. Spielleiter<\/strong><\/p>\n\n\n\n<p>Wie von der Mitgliederversammlung am 20.03.2022 bestimmt, \u00fcbernimmt der Vorstand des Freaky Frogs e.V. die Spielleitung der Liga.<\/p>\n\n\n\n<p><strong>1.3. Verhalten<\/strong><\/p>\n\n\n\n<p>Die Spielordnung verpflichtet alle Teilnehmer der SL zur Einhaltung der nachfolgenden Verhaltensregeln, sowie einem fairen Verhalten bei Spielen und in der \u00d6ffentlichkeit.<\/p>\n\n\n\n<p>Ein Ligaspieler ist stets h\u00f6flich, ehrlich, fair und wei\u00df sich zu benehmen.<\/p>\n\n\n\n<p>Jeder Ligaspieler ist verpflichtet den Ruf der Liga zu wahren und nicht in Verruf zu bringen.<\/p>\n\n\n\n<p>Ein Ligaspieler der gegen das Regelwerk verst\u00f6\u00dft, kann verwarnt oder in einer Abstimmung ausgeschlossen werden.<\/p>\n\n\n\n<p><strong><u><strong>2. Spielregelung<\/strong><\/u><\/strong><\/p>\n\n\n\n<p><strong>2.1 Spielvorschriften<\/strong><\/p>\n\n\n\n<p>Die Spiele werden an den handels\u00fcblichen Steeldartscheiben, die dem internationalen Standard entsprechen, ausgetragen.<\/p>\n\n\n\n<p>Der horizontale Abstand von der Scheibe zur Abwurflinie betr\u00e4gt 2,37m.<\/p>\n\n\n\n<p>Die Abwurflinie darf nicht \u00fcbertreten werden.<\/p>\n\n\n\n<p>Die Mitte des Bulls Eye muss 1,73m \u00fcber dem Boden sein.<\/p>\n\n\n\n<p>Gespielt wird 501 Double Out (DO),&nbsp;best of 5 legs.&nbsp;<\/p>\n\n\n\n<p>&nbsp;Der Spieler, der zuerst 501 Punkte mit einem Double auf 0 gebracht hat, gewinnt ein Leg.<\/p>\n\n\n\n<p><strong>2.2 Austragungsort und -zeit<\/strong><\/p>\n\n\n\n<p>\u00dcber die Saison hinweg findet an zuvor festgelegten Spieltagen, -Zeiten und -Orten, jeweils eine Team-Begegnung im Steeldart statt. Die Liga unterliegt dem Double Round Robin System (Jeder gegen Jeden, Hin- und R\u00fcckrunde).<\/p>\n\n\n\n<p>Der Freaky Frogs e.V. stellt den teilnehmenden Teams hierf\u00fcr jeweils einen Spielplan bereit. Dieser und weitere Infos k\u00f6nnen jederzeit auf der Website&nbsp;<a href=\"http:\/\/www.freakyfrogs.de\/\">www.freakyfrogs.de<\/a>&nbsp;nachgesehen oder erneut heruntergeladen werden.&nbsp;<\/p>\n\n\n\n<p><strong>2.3 Punktestand notieren<\/strong><\/p>\n\n\n\n<p>Es muss eine der folgenden M\u00f6glichkeiten gegeben sein den Punktestand zu notieren:<\/p>\n\n\n\n<p>Scoreboard \/ Whiteboard \/ Notebook \/ Tablet.<\/p>\n\n\n\n<p>Das Heim-Team tr\u00e4gt hierf\u00fcr die Verantwortung.<\/p>\n\n\n\n<p>Einer der nicht am Match teilnehmenden Spieler ist der &#8222;Schreiber \/ Caller&#8220;. Er ist gleichzeitig Schiedsrichter, sagt den geworfenen Wert an und gibt diesen ein bzw. notiert diesen. Wenn ein Spieler eine Anmerkung zur geworfenen Punktzahl hat, muss dies mit dem Schreiber gekl\u00e4rt werden bevor die Darts aus dem Board gezogen werden.<\/p>\n\n\n\n<p><strong>2.4 Ablauf der Be<\/strong><strong>geg<\/strong><strong>nung<\/strong><\/p>\n\n\n\n<p>Das Spiel wird gem\u00e4\u00df des Spielplans ausgetragen.<\/p>\n\n\n\n<p>Das Heimteam beginnt die jeweiligen Begegnungen, bei Gleichstand wird ausgebullt wer das Entscheidungsspiel beginnt.&nbsp;<\/p>\n\n\n\n<p>Es werden immer alle Spiele des Spielplans gespielt, ein Unentschieden ist daher ausgeschlossen.&nbsp;<\/p>\n\n\n\n<p>Das Doppel wird von beiden Spielern, eines Teams, auf eine Punktzahl (501) gespielt.<\/p>\n\n\n\n<p><strong>2.5 Spieler aus-\/einwechseln<\/strong><\/p>\n\n\n\n<p>Ein Spieler kann vor bzw. nach einem Spiel ausgewechselt werden. Der Spieler kann nicht mehr zur\u00fcck eingewechselt werden.<\/p>\n\n\n\n<p><strong><u><strong>3. Anmeldung<\/strong><\/u><\/strong><\/p>\n\n\n\n<p><strong>3.1 Anmeldeformular<\/strong><\/p>\n\n\n\n<p>Jedes Team, inklusive der Spieler, muss \u00fcber den Anmeldebogen angemeldet werden.&nbsp;<\/p>\n\n\n\n<p>Ein Spieler kann w\u00e4hrend der laufenden Saison nicht das Team wechseln.&nbsp;<\/p>\n\n\n\n<p>Ein Team muss aus mindestens drei Spielern bestehen.<\/p>\n\n\n\n<p>Startberechtigt sind nur Mannschaften, die den Beitrag bezahlt haben. Bei Nachmeldungen von Spielern muss deren Beitrag nach max. sieben Tagen bezahlt sein.&nbsp;<\/p>\n\n\n\n<p>Nachgemeldete Spieler m\u00fcssen bis sp\u00e4testens einen Tag vor dem eigentlichen Spieltag (auch bei Verschiebung) angemeldet sein, um spielberechtigt zu sein.&nbsp;<\/p>\n\n\n\n<p><strong>3.2 Nachmeldung<\/strong><\/p>\n\n\n\n<p>Spieler k\u00f6nnen unter Angabe des Spielernamens und der Gastst\u00e4tte jederzeit vom Captain der Mannschaft nachgemeldet werden. Hierzu bitte in der SL WhatsApp Gruppe oder einem der Vorst\u00e4nde schreiben. Sobald ein postitives Feedback kommt, kann der Spieler eingesetzt werden &#8211; siehe aber auch Hinweise unter 3.1.<\/p>\n\n\n\n<p>Eine schriftliche Nachmeldung mit allen Spielerdaten muss dennoch nachgereicht werden.<\/p>\n\n\n\n<p>Das Nachmelden von Teams ist w\u00e4hrend der laufenden Saison nicht m\u00f6glich.<\/p>\n\n\n\n<p><strong>3.3 Spielst\u00e4tte des Teams<\/strong><\/p>\n\n\n\n<p>Jedes Team muss eine g\u00fcltige Spielst\u00e4tte als \u201eHeimspiel\u201c Austragungsort vorweisen k\u00f6nnen.<\/p>\n\n\n\n<p><strong>3.3.1<\/strong><br>Generell kann jedes Lokal oder jedes Vereinsheim, als g\u00fcltige Spielst\u00e4tte gemeldet werden.<br><strong>3.3.2<\/strong><br>Sollte es bei Spielst\u00e4tten zu Konflikten mit dem Jugendschutz kommen, so muss f\u00fcr das jeweilige Spiel eine alternative Spielst\u00e4tte als Austragungsort gew\u00e4hlt werden.<br><strong>3.3.3<\/strong><br>Sollte es bei anderen Ursachen, z.B. gesundheitlich, nicht m\u00f6glich sein, in der jeweiligen Spielst\u00e4tte zu spielen, so ist wie in 3.3.2 eine andere Spielst\u00e4tte zu w\u00e4hlen.<br><strong>3.3.4<\/strong><br>Sollte es zwischen den beiden spielenden Manschaften in Punkt 3.3.2, bzw. 3.3.3 nicht zu einer Einigung kommen, so kann die Spielleitung eingeschaltet werden, welche eine Einigung f\u00e4llen kann und zur Not eine andere Spielst\u00e4tte zur Verf\u00fcgung stellt.<\/p>\n\n\n\n<p><strong>3.4 Team Zulassung<\/strong><\/p>\n\n\n\n<p>Die Entscheidung ein Team zuzulassen obliegt der Spielleitung.<\/p>\n\n\n\n<p>Bei Ablehnung der Team Anmeldung, aufgrund fehlender\/mangelnder Voraussetzungen, k\u00f6nnen diese nachgebessert werden (z.B. schlechte Beleuchtung).&nbsp;<\/p>\n\n\n\n<p>Falls dies bis zum Anmeldeschluss nicht m\u00f6glich ist, wird die vollst\u00e4ndige Teilnahmegeb\u00fchr (siehe 6.1) zur\u00fcck erstattet.<\/p>\n\n\n\n<p><strong><u><strong>4. Voraussetzungen<\/strong><\/u><\/strong><\/p>\n\n\n\n<p><strong>4.1 Voraussetzungen f\u00fcr Spielst\u00e4tte<\/strong><\/p>\n\n\n\n<p>Um als Spielst\u00e4tte f\u00fcr die SL zu dienen muss die Spielst\u00e4tte \u00fcber mindestens ein Steeldartboard verf\u00fcgen. Erstrebenswert w\u00e4re, wenn an zwei Boards gespielt werden kann. <\/p>\n\n\n\n<p>Das Board muss in einem guten Zustand und ausreichend beleuchtet sein.<\/p>\n\n\n\n<p>Es muss gem\u00e4\u00df den oben stehenden Regeln (2.1) installiert sein.&nbsp;<\/p>\n\n\n\n<p><strong>4.2 Spielst\u00e4tten Zulassung<\/strong><\/p>\n\n\n\n<p>Die Entscheidung eine Spielst\u00e4tte zuzulassen obliegt der Spielleitung.<\/p>\n\n\n\n<p><strong><u><strong>5. Nichtantritt einer Begegnung<\/strong><\/u><\/strong><\/p>\n\n\n\n<p><strong>5.1 Ergebnis<\/strong><\/p>\n\n\n\n<p>Bei Nichtantritt gilt das Spiel als verloren.<\/p>\n\n\n\n<p>Die anwesende Mannschaft muss den Nichtantritt melden und gewinnt automatisch alle Legs und Spiele.<\/p>\n\n\n\n<p><strong>5.2&nbsp; Strafpunkte<\/strong><\/p>\n\n\n\n<p>Bei Nichtantritt beider Teams wird am Ende der Saison jedem Team ein Punkt abgezogen<\/p>\n\n\n\n<p><strong><u><strong>6. Finanzordnung<\/strong><\/u><\/strong><\/p>\n\n\n\n<p><strong>6.1 Teilnahmegeb\u00fchr<\/strong><\/p>\n\n\n\n<p>Es gilt eine Teilnahmegeb\u00fchr von 5,00 \u20ac pro Spieler.<\/p>\n\n\n\n<p>F\u00fcr Mitglieder des Freaky Frogs e.V. gilt eine Teilnahmegeb\u00fchr von 3,00 \u20ac.<\/p>\n\n\n\n<p>Nachmeldungen in einer laufenden Saison kosten 8,00 \u20ac pro Spieler.<\/p>\n\n\n\n<p>Die Anmeldegeb\u00fchr ist in Bar an den Schatzmeister oder ein anderes Vorstandsmitglied des Freaky Frogs e.V. zu entrichten.&nbsp;<\/p>\n\n\n\n<p><strong>6.2 Verwendung der Teilnahmegeb\u00fchr<\/strong><\/p>\n\n\n\n<p>Durch die Teilnahmegeb\u00fchren wird der organisatorische Teil der SL finanziert. Desweiteren werden \u00fcbersch\u00fcssige Mittel eventuell als Preise ausgegeben.&nbsp;<\/p>\n\n\n\n<p><strong><u><strong>7 Sonstiges<\/strong><\/u><\/strong><\/p>\n\n\n\n<p><strong>7.1 Melden der Ergebnisse<\/strong><\/p>\n\n\n\n<p>Die Ergebnisse der Spiele sind \u00fcber das bekannte Web-Portal einzutragen. F\u00fcr die Eingabe der Ergebnisse ist die Heimmannschaft verantwortlich.&nbsp;<\/p>\n\n\n\n<p>Die Ergebnisse k\u00f6nnen zus\u00e4tzlich \u00fcber den Spielbogen festgehalten und in die WhatsApp Gruppe gestellt werden. Es sind hierbei die vollst\u00e4ndigen Spiernamen anzugeben.&nbsp;<\/p>\n\n\n\n<p><a><\/a>Alternativ kann das Ergebnis per Email an&nbsp;<a>liga@freakyfrogs.de<\/a>&nbsp;gesendet werden.&nbsp;<\/p>\n\n\n\n<p>Das Ergebnis muss bis sp\u00e4testens drei Tage nach der Begegnung gemeldet werden.<\/p>\n\n\n\n<p>Spielb\u00f6gen k\u00f6nnen von der Website (Men\u00fc Steeldarts Liga -&gt; Downloads) heruntergeladen werden.<\/p>\n\n\n\n<p><strong>7.2 Spielverschiebung<\/strong><\/p>\n\n\n\n<p>Spielverschiebungen k\u00f6nnen nur durch beidseitiges Einverst\u00e4ndnisses vor dem eigentlichen Termin stattfinden.<\/p>\n\n\n\n<p>Eine Spielverschiebung muss mind. am Sonntag vor dem Spieltag angek\u00fcndigt werden. <\/p>\n\n\n\n<p><strong>7.3 Nachholtermin<\/strong><br>Ein Nachholtermin f\u00fcr ein verlegtes Spiel muss bis sp\u00e4testens zum \u00fcbern\u00e4chsten Spieltag ausgetragen werden.<br>Sollte dies nicht der Fall sein, so kann das Spiel wie in 5.1. als nicht angetreten gelten.<\/p>\n\n\n\n<p><strong><u><strong>8. Hinweise<\/strong><\/u><\/strong><\/p>\n\n\n\n<p>Hunde sind aus haftungs- und versicherungsrechtlichen Gr\u00fcnden auf Veranstaltungen des Freaky Frogs e.v., sowie im Ligabetrieb der SL, nicht erlaubt.&nbsp;<\/p>\n\n\n\n<p>Wichtig: Der Freaky Frogs e.V. hat sich laut Satzung der F\u00f6rderung und Verbreitung des Dartsports gewidmet. Dies impliziert ein stil- und niveauvolles Spiel und auch eine gute Au\u00dfenwirksamkeit des Dartsports. Daher wird in Spielen der SL nicht mit Regeln wie \u201cSchneider\u201d oder \u201cSchnapszahl\u201d gespielt.&nbsp;<\/p>\n\n\n\n<p>\u201cAbschlussrunden\u201d, wie sie evtl. aus anderen Liga-Systemen bekannt sind m\u00fcssen nicht stattfinden und obliegen der Entscheidung der jeweiligen Spielst\u00e4tte.<\/p>\n\n\n\n<p>Beschlossen auf der Mitgliederversammlung 2022 des Freaky Frogs e.V.&nbsp;<\/p>\n\n\n\n<p>Protokollf\u00fchrer: Beate Hubrich<\/p>\n\n\n\n<p>(stellv.) Vorstandsvorsitzender: Alexander Hacker<\/p>\n\n\n\n<p>Aktualisiert, nach R\u00fccksprache mit den teilnehmenden Teams Saison 2022\/2023: 03.03.2023<br>Update 12\/2024: Hinzugef\u00fcgt: &#8222;<em>Schreiber \/ Caller<\/em>&#8220; und &#8222;<em>W\u00fcnschenswert zwei Boards<\/em>&#8222;<br>Update 02\/2026: 3.3.1, 3.3.2, 3.3.3, 3.3.4 zum Thema Jugendschutz hinzugef\u00fcgt. <\/p>\n","protected":false},"excerpt":{"rendered":"<p>Regelwerk der \u201cFreaky Frogs e.V. &#8211; Steeldarts Liga\u201d G\u00fcltig ab: 01.01.2026 1. Spielordnung 1.1 Erkl\u00e4rung der Spielordnung Die Spielordnung der Steeldarts Liga des Freaky Frogs e.V. (SL) dient dazu, einen reibungslosen Ablauf der Liga zu gew\u00e4hrleisten. Sie wird von der Mitgliederversammlung des Freaky Frogs e.V. abgenommen. Sie regelt nicht den Ablauf anderer Veranstaltungen des Freaky [&hellip;]<\/p>\n","protected":false},"author":2,"featured_media":0,"parent":39,"menu_order":33,"comment_status":"closed","ping_status":"closed","template":"","meta":{"footnotes":""},"class_list":["post-43","page","type-page","status-publish","hentry"],"_links":{"self":[{"href":"https:\/\/www.freakyfrogs.de\/index.php?rest_route=\/wp\/v2\/pages\/43","targetHints":{"allow":["GET"]}}],"collection":[{"href":"https:\/\/www.freakyfrogs.de\/index.php?rest_route=\/wp\/v2\/pages"}],"about":[{"href":"https:\/\/www.freakyfrogs.de\/index.php?rest_route=\/wp\/v2\/types\/page"}],"author":[{"embeddable":true,"href":"https:\/\/www.freakyfrogs.de\/index.php?rest_route=\/wp\/v2\/users\/2"}],"replies":[{"embeddable":true,"href":"https:\/\/www.freakyfrogs.de\/index.php?rest_route=%2Fwp%2Fv2%2Fcomments&post=43"}],"version-history":[{"count":10,"href":"https:\/\/www.freakyfrogs.de\/index.php?rest_route=\/wp\/v2\/pages\/43\/revisions"}],"predecessor-version":[{"id":806,"href":"https:\/\/www.freakyfrogs.de\/index.php?rest_route=\/wp\/v2\/pages\/43\/revisions\/806"}],"up":[{"embeddable":true,"href":"https:\/\/www.freakyfrogs.de\/index.php?rest_route=\/wp\/v2\/pages\/39"}],"wp:attachment":[{"href":"https:\/\/www.freakyfrogs.de\/index.php?rest_route=%2Fwp%2Fv2%2Fmedia&parent=43"}],"curies":[{"name":"wp","href":"https:\/\/api.w.org\/{rel}","templated":true}]}}