{"id":39,"date":"2024-02-12T21:07:01","date_gmt":"2024-02-12T20:07:01","guid":{"rendered":"https:\/\/www.freakyfrogs.de\/?page_id=39"},"modified":"2024-02-12T22:27:10","modified_gmt":"2024-02-12T21:27:10","slug":"steeldarts-liga","status":"publish","type":"page","link":"https:\/\/www.freakyfrogs.de\/?page_id=39","title":{"rendered":"Steeldarts Liga"},"content":{"rendered":"\n<p>Unabh\u00e4ngig von internen Veranstaltungen organisiert der Freaky Frogs e.V. im Gro\u00dfraum Lahr (Ortenaukreis) eine Steeldarts Liga.&nbsp;&nbsp;<\/p>\n\n\n\n<p>Teilnehmen kann jeder interessierte Spieler &#8211; unabh\u00e4ngig einer Mitgliedschaft im Verein.<\/p>\n\n\n\n<p>Wer Interesse hat, kommt am besten einfach einmal an einem unserer Spieltage (oder Events, siehe\u00a0Kalender) vorbei.<\/p>\n\n\n\n<p>Spieltage sind Freitag Abend (ca. 19:00).<\/p>\n","protected":false},"excerpt":{"rendered":"<p>Unabh\u00e4ngig von internen Veranstaltungen organisiert der Freaky Frogs e.V. im Gro\u00dfraum Lahr (Ortenaukreis) eine Steeldarts Liga.&nbsp;&nbsp; Teilnehmen kann jeder interessierte Spieler &#8211; unabh\u00e4ngig einer Mitgliedschaft im Verein. Wer Interesse hat, kommt am besten einfach einmal an einem unserer Spieltage (oder Events, siehe\u00a0Kalender) vorbei. Spieltage sind Freitag Abend (ca. 19:00).<\/p>\n","protected":false},"author":2,"featured_media":0,"parent":0,"menu_order":444,"comment_status":"closed","ping_status":"closed","template":"","meta":{"footnotes":""},"class_list":["post-39","page","type-page","status-publish","hentry"],"_links":{"self":[{"href":"https:\/\/www.freakyfrogs.de\/index.php?rest_route=\/wp\/v2\/pages\/39","targetHints":{"allow":["GET"]}}],"collection":[{"href":"https:\/\/www.freakyfrogs.de\/index.php?rest_route=\/wp\/v2\/pages"}],"about":[{"href":"https:\/\/www.freakyfrogs.de\/index.php?rest_route=\/wp\/v2\/types\/page"}],"author":[{"embeddable":true,"href":"https:\/\/www.freakyfrogs.de\/index.php?rest_route=\/wp\/v2\/users\/2"}],"replies":[{"embeddable":true,"href":"https:\/\/www.freakyfrogs.de\/index.php?rest_route=%2Fwp%2Fv2%2Fcomments&post=39"}],"version-history":[{"count":3,"href":"https:\/\/www.freakyfrogs.de\/index.php?rest_route=\/wp\/v2\/pages\/39\/revisions"}],"predecessor-version":[{"id":86,"href":"https:\/\/www.freakyfrogs.de\/index.php?rest_route=\/wp\/v2\/pages\/39\/revisions\/86"}],"wp:attachment":[{"href":"https:\/\/www.freakyfrogs.de\/index.php?rest_route=%2Fwp%2Fv2%2Fmedia&parent=39"}],"curies":[{"name":"wp","href":"https:\/\/api.w.org\/{rel}","templated":true}]}}