{"id":3,"date":"2024-01-14T22:55:16","date_gmt":"2024-01-14T21:55:16","guid":{"rendered":"https:\/\/www.freakyfrogs.de\/?page_id=3"},"modified":"2026-01-11T17:51:18","modified_gmt":"2026-01-11T16:51:18","slug":"datenschutzerklaerung","status":"publish","type":"page","link":"https:\/\/www.freakyfrogs.de\/?page_id=3","title":{"rendered":"Datenschutzerkl\u00e4rung"},"content":{"rendered":"\n<p><strong>Datenschutzerkl\u00e4rung<\/strong><\/p>\n\n\n\n<p><strong>Wirksam ab: 05.02.2020<\/strong><\/p>\n\n\n\n<p>Der Verein Freaky Frogs e.V. (&#8222;uns&#8220;, &#8222;wir&#8220;, &#8222;Verein&#8220; oder &#8222;unsere&#8220;) betreibt die Website&nbsp;<a href=\"https:\/\/www.freakyfrogs.de\/\">https:\/\/www.freakyfrogs.de<\/a>(&#8222;Seite&#8220;, &#8222;Website&#8220;).<\/p>\n\n\n\n<p>Wir erheben nur Daten von Vereinsmitgliedern und Liga-Teilnehmern (&#8222;deinen&#8220;, &#8222;euren&#8220;, &#8222;Mitglied(er)&#8220;, oder &#8222;du\/ihr&#8220;), w\u00e4hrend des Anmeldevorgangs, welcher pers\u00f6nlich oder schriftlich und nicht \u00fcber diese Seite stattfindet.<\/p>\n\n\n\n<p>Diese Seite informiert dich \u00fcber unsere Richtlinien bez\u00fcglich des Speicherns, der Benutzung und der Offenlegung von personenbezogenen Daten, welche bei der Anmeldung oder Nachmeldung in unserem Verein, oder in unseren Ligen erhoben werden, sowie deinen Rechten, welche du f\u00fcr diese Daten hast.<\/p>\n\n\n\n<p>S\u00e4mtliche pers\u00f6nliche Daten, die auf dieser Website, einer unserer Unterseiten oder in einem unserer Social Media Accounts vorzufinden sind, entstehen durch die Mitgliedschaft in unserem Verein oder dem Spielbetrieb einer unserer Ligen (Steeldarts Liga, Interne Liga, Meisterschaften, Einzelturniere, Ranglisten, etc.), um entsprechende Auswertungen der Ergebnisse zu erm\u00f6glichen und bekannt zu machen.<\/p>\n\n\n\n<p>Zudem benutzen wir die Daten um unseren Mitgliedern Informationen zu unseren Leistungen, internen Events oa. und Spielern in unseren Ligen mit notwendigen Informationen zu Veranstaltungen, Ergebnissen und Terminen zukommen zu lassen.<\/p>\n\n\n\n<p><strong>Definitionen<\/strong><\/p>\n\n\n\n<p><strong>Pers\u00f6nliche Daten<\/strong><\/p>\n\n\n\n<p>Mit pers\u00f6nlichen Daten sind Daten \u00fcber ein lebendes Individuum gemeint, mit derer Hilfe dieses identifiziert werden kann (oder von diesen und anderen Informationen, welche wir besitzen oder welche vermutlich in unseren Besitz kommen werden.)<\/p>\n\n\n\n<p><strong>Datenverantworlicher<\/strong><\/p>\n\n\n\n<p>Ein Datenverantworlicher ist eine nat\u00fcrliche oder gesetzliche Person (entweder alleine oder gemeinsam mit anderen Personen), welche entscheidet, aus welchem Grund, zu welchem Zweck und welche pers\u00f6nlichen Informationen verarbeitet werden.<\/p>\n\n\n\n<p>Verantwortlicher:<\/p>\n\n\n\n<ul class=\"wp-block-list\">\n<li><a><\/a>&nbsp;Freaky Frogs e.V. \u2013 Manuel Bruder,&nbsp;<a>datenschutz@freakyfrogs.de<\/a><\/li>\n\n\n\n<li><a><\/a>&nbsp;Vertretung \u2013 Alexander Hacker,&nbsp;<a>info@freakyfrogs.de<\/a><\/li>\n<\/ul>\n\n\n\n<p><strong>Datenverarbeiter<\/strong><\/p>\n\n\n\n<p>Mit einem Datenverarbeiter ist eine nat\u00fcrliche oder gesetzliche Person gemeint (entweder alleine oder gemeinsam mit anderen Personen), welche die Daten auf Gehei\u00df des Datenveranwortlichen verarbeitet.<\/p>\n\n\n\n<p>Wir benutzen eventuell die Dienstleistungen von anderen Anbietern um eure Daten besser zu verarbeiten.<\/p>\n\n\n\n<p><strong>Datenbesitzer (Mitglied oder Ligaspieler)<\/strong><\/p>\n\n\n\n<p>Ein Datenbesitzer ist eine lebende individuelle Person, welche in unserem Verein- oder in einer Liga Mitglied ist und welche Gegenstand von diesen pers\u00f6nlichen Daten ist.<\/p>\n\n\n\n<p><strong>Sammeln von Informationen und deren Benutzung<\/strong><\/p>\n\n\n\n<p>Wir sammeln verschiedene Arten von Informationen aus verschiedenen Gr\u00fcnden um unsere Mitglieder und Ligaspieler zu verwalten und ihnen Informationen zukommen lassen zu k\u00f6nnen.<\/p>\n\n\n\n<p>Die Erfassung der Daten erfolgt entweder durch Ihre direkte Zustimmung auf einem Anmelde \/ Nachmeldeformular (handschriftlich oder per Checkbox), einer vorgeschalteten Informationsseite oder durch Vertretung des Mannschaftskapit\u00e4ns oder Spielst\u00e4ttenbetreibers (\u201eberechtigtes Interesse\u201c f\u00fcr eine Teilnahme am Ligabetrieb).<\/p>\n\n\n\n<p><strong>Arten der Daten welche gesammelt werden<\/strong><\/p>\n\n\n\n<p><strong>Pers\u00f6nliche Daten<\/strong><\/p>\n\n\n\n<p>W\u00e4hrend du Mitglied in unserem Verein bist\/werden willst, oder du Teilnehmer an einer unserer Ligen bist\/werden willst werden wir dich wahrscheinlich fragen uns einige pers\u00f6nliche, identifizierbare Informationen zu geben, welche wir benutzen k\u00f6nnen um Kontakt zu dir aufzunehmen, oder dich zu identifizieren (&#8222;Pers\u00f6nliche Daten&#8220;). Pers\u00f6nliche identifizierbare Informationen k\u00f6nnte folgendes beinhalten (sind aber nicht auf folgendes limitiert):<\/p>\n\n\n\n<p>E-Mail-Adresse<\/p>\n\n\n\n<p>Vor- sowie Nachname<\/p>\n\n\n\n<p>Telefonnummer\u00b4<\/p>\n\n\n\n<p>Mobilnummer<\/p>\n\n\n\n<p>Geschlecht<\/p>\n\n\n\n<p>Adresse, Stra\u00dfe, Bundesland, Postleitzahl, Wohnort (nicht \u00f6ffentlich, sofern kein berechtigtes Interesse besteht)<\/p>\n\n\n\n<p>Bilder und Aufnahmen vom Vereinsmitglied oder eines Ligamitglieds<\/p>\n\n\n\n<p>Social Media Profilnamen<\/p>\n\n\n\n<p>Wir k\u00f6nnen dich mit diesen pers\u00f6nlichen Daten per Newsletter, Brief, E-Mail oder SMS\/Whats-App Nachricht kontaktieren (f\u00fcr Marketing- oder Werbezwecke, um dir Informationen zu Events, Angeboten oder o\u00e4. zukommen zu lassen). Du kannst einige, oder alle dieser Kommunikationen von uns unterbinden, indem du uns eine E-Mail sendest oder uns anderweitig kontaktierst.<\/p>\n\n\n\n<p>Deine Mobilnummer wird, sofern dies vorher erlaubt wurde, eventuell in eine WhatsApp Gruppe eingeladen. Deine Nummer, Profilname, Bild, Status und ggf. Kontaktinformationen k\u00f6nnen je nach deinen Einstellung in dieser Gruppe f\u00fcr andere Sichtbar sein.<\/p>\n\n\n\n<p><strong>Benutzung von Daten<\/strong><\/p>\n\n\n\n<p>Der Freaky Frogs e.V. benutzt die gesammelten Daten wie folgt:<\/p>\n\n\n\n<p>Um unseren Verein oder die Ligen zu verwalten.<\/p>\n\n\n\n<p>Um dir Informationen zu unserem Verein und unseren Ligen zukommen zu lassen.<\/p>\n\n\n\n<p>Um dir zu erm\u00f6glichen an verschiedenen Aktivit\u00e4ten \/ Events o\u00e4. teilzunehmen, welcher der Verein zur Verf\u00fcgung stellt.<\/p>\n\n\n\n<p>Um dir Informationen \u00fcber Neuigkeiten, spezielle Angebote und allgemeine Informationen \u00fcber andere Produkte, Events, Aktivit\u00e4ten und Dienstleistungen, welche wir anbieten zukommen zu lassen. (Solange du den Erhalt solcher Mitteilungen nicht untersagt hast.)<\/p>\n\n\n\n<p>Zur Erreichung der Vereinsziele.<\/p>\n\n\n\n<p>Turnier-, Ligen und Ranglistenergebnisse sowie Spielpl\u00e4ne werden mit dem von dir gew\u00e4hlten Spielernamen ver\u00f6ffentlicht, sowie Vor- und Zunamen und gegebenfalls mit Bild ver\u00f6ffentlicht<\/p>\n\n\n\n<p>Mitteilungen in Aush\u00e4ngen und Vereinspublikationen<\/p>\n\n\n\n<p>\u25e6 Mitteilungen und Publikationen k\u00f6nnen \u00fcber (aber nicht ausschlie\u00dflich) diese Website, eine unserer Social Media Plattformen oder \u00fcber eine Zeitung\/Zeitschrift erfolgen<\/p>\n\n\n\n<p>\u25e6 Bei der Teilnahme an Veranstaltungen, Ligen, oder \u00e4hnliches k\u00f6nnten personenbezogene Daten zur Verwaltung dieser \u00fcber (aber nicht ausschlie\u00dflich) diese Website, eine unserer Social Media Plattformen oder \u00fcber eine Zeitung\/Zeitschrift ver\u00f6ffentlicht werden.<\/p>\n\n\n\n<p>F\u00fcr Pers\u00f6nliche Nachrichten mit den Bez\u00fcgen<\/p>\n\n\n\n<p>\u25e6 Ein- \/ Austritte<\/p>\n\n\n\n<p>\u25e6 Spenden<\/p>\n\n\n\n<p>\u25e6 Jubil\u00e4en<\/p>\n\n\n\n<p>\u25e6 Geburtstage<\/p>\n\n\n\n<p>\u00b0 Erinnerungen an Veranstaltungen<\/p>\n\n\n\n<p>\u00b0 Zahlungserinnerungen<\/p>\n\n\n\n<p>\u00b0 Einladungen zu Veranstaltungen<\/p>\n\n\n\n<p>Daten und Bilder werden nur dann auf unserer Website, in Zeitschriften, Zeitungen oder auf eine unserer Social Media Plattformen ver\u00f6ffentlicht, wenn das Vereinsmitglied oder Ligaspieler sich ausdr\u00fccklich schriftlich als einverstanden erkl\u00e4rt hat.<\/p>\n\n\n\n<p>Informationen \u00fcber Vereinsmitglieder oder Ligaspieler(z.B. Spielergebnisse und pers\u00f6nliche Leistungen, Mannschaftsaufstellungen, Ranglisten usw.) oder Dritte, werden kurzzeitig im Internet ver\u00f6ffentlich (Art. 6 Abs. 1 lit. f) DS-GVO) und werden gel\u00f6scht, sobald das Informationsinteresse f\u00fcr das entsprechende Ereignis endet.<\/p>\n\n\n\n<p>Im Internet ver\u00f6ffentlichte personenbezogene Daten werden allenfalls Nachname, Vorname und die Vereinszugeh\u00f6rigkeit beinhalten<\/p>\n\n\n\n<p>Gegebenfalls werden Bilder von Events ver\u00f6ffentlich auf denen ein Vereinsmitglied abgebildet ist, sofern das Vereinsmitglied sich damit einverstanden erkl\u00e4rt hat.<\/p>\n\n\n\n<p>Ver\u00f6ffentlichungen in Verbandszeitschriften und in sonstigen allgemein zug\u00e4nglichen Publikationen werden genauso wie Pressemitteilungen und -ausk\u00fcnfte nur in personenbezogener Form erfolgen, wenn es sich um ein Ereignis von \u00f6ffentlichem Interesse handelt.<\/p>\n\n\n\n<p>Eine eventuelle Weitergabe personenbezogener Daten, unhabh\u00e4ngig welcher Art, erfolgt nur nach schriftlicher oder m\u00fcndlicher Zustimmung im Zustammenhang mit unserem Verein oder dem Spielbetrieb einer unserer Ligen, oder wenn dies aus gesetzlichen Pflichten erforderlich ist.<\/p>\n\n\n\n<p><strong>Gesetzliche Basis f\u00fcr das Verarbeiten personenbezogener Daten der Datenschutzgrundverordnung (DSGVO)<\/strong><\/p>\n\n\n\n<p>Die gesetzliche Basis des Freaky Frogs e.V. f\u00fcr das Sammeln und Benutzen von personenbezogenen Informationen, beschrieben in dieser Datenschutzerkl\u00e4rung, basiert auf den pers\u00f6nlichen Daten, welche wir sammeln und dem spezifischen Kontext in welcher wir diese erheben.<\/p>\n\n\n\n<p>Der Freaky Frogs e.V. darf deine Daten ausfolgenden Gr\u00fcnden benutzen:<\/p>\n\n\n\n<p>Wenn wir einen Vertrag mit dir eingehen<\/p>\n\n\n\n<p>Du uns die Erlaubnis dazu gegeben hast<\/p>\n\n\n\n<p>Die Verarbeitung ist aus einem von uns legitimiertem Grund und beeintr\u00e4chtigt oder \u00fcberschreibt dein Recht nicht<\/p>\n\n\n\n<p>Um Bezahlvorg\u00e4nge abzuschlie\u00dfen<\/p>\n\n\n\n<p>Um das Gesetz einzuhalten<\/p>\n\n\n\n<p><strong>Aufbewahrung von Date<\/strong>n<\/p>\n\n\n\n<p>Der Freaky Frogs e.V. wird deine personenbezogenen Daten nur so lange wie notwendig, f\u00fcr den Zweck beschrieben in dieser Datenschutzerkl\u00e4rung, aufbewahren. Wir behalten und benutzen deine pers\u00f6nlichen Daten in dem Ausma\u00df, um unsere gesetzliche Pflicht einzuhalten. (Zum Beispiel, wenn wir verpflichtet sind deine Daten, aufgrund von anwendbaren Gesetzen, aufzubewahren). Wir behalten deine Daten auch um Streitigkeiten beizulegen und um unsere gesetzlichen Vereinbarungen und Richtlinien durchzusetzen.<\/p>\n\n\n\n<p>Nach dem Ausscheiden aus dem Verein oder den aktiven Ligabetrieben, werden wir diese Daten maximal 4 Jahre speichern und anschlie\u00dfend l\u00f6schen.<\/p>\n\n\n\n<p><strong>Offenlegung von Daten<\/strong><\/p>\n\n\n\n<p><strong>gesetzliche Anforderungen<\/strong><\/p>\n\n\n\n<p>Der Freaky Frogs e.V. kann deine pers\u00f6nlichen Daten in gutem Glauben, dass dies erforderlich ist, offenlegen, um:<\/p>\n\n\n\n<p>Um einer gesetzlichen Verpflichtung nachzukommen<\/p>\n\n\n\n<p>Um die Rechte und den Besitz des Freaky Frogs e.V. zu besch\u00fctzen<\/p>\n\n\n\n<p>Um Betrug zu verhindern, oder in einem Betrugsfall eine Ermittlung einzuleiten<\/p>\n\n\n\n<p>Um die Sicherheit anderer Mitglieder oder der \u00d6ffentlichkeit zu gew\u00e4hrleisten<\/p>\n\n\n\n<p>Um uns gegen gesetzliche Haftung abzusichern<\/p>\n\n\n\n<p><strong>Datenschutzrecht \u00fcber die Datenschutzgrundverordnung (DSGVO)<\/strong><\/p>\n\n\n\n<p>\u00dcber das Datenschutzrecht hast du verschiedene Rechte. Der Freaky Frogs e.V. zielt darauf hin, dass du deine pers\u00f6nlichen Daten korrigieren, \u00e4ndern, l\u00f6schen oder limitieren lassen kannst.<\/p>\n\n\n\n<p>Auf Wunsch informieren wir dich dar\u00fcber welche deiner pers\u00f6nlichen Daten wir speichern. Falls wir deine Daten aus unseren Systemen l\u00f6schen sollen, kontaktiere uns bitte<\/p>\n\n\n\n<p><strong>Du hast jederzeit folgende Datenschutzrechte:<\/strong><\/p>\n\n\n\n<p>Das Recht deine Informationen, welche wir \u00fcber dich haben, anzusehen, anzupassen oder diese l\u00f6schen zu lassen. Um dies zu bewerkstelligen, kannst du uns jederzeit kontaktieren.<\/p>\n\n\n\n<p>Das Recht der Berichtigung. Du hast das Recht jede Information, welche nicht komplett oder ungenau ist, berichtigen zu lassen.<\/p>\n\n\n\n<p>Das Recht der Verarbeitung abzulehnen. Du hast das Recht, der Verarbeitung deiner personenbezogenen Daten zu wiedersprechen.<\/p>\n\n\n\n<p>Das Recht der Einschr\u00e4nkung. Du hast das Recht jegliche Verarbeitung deiner personenbezogenen Daten einzuschr\u00e4nken oder zu verbieten.<\/p>\n\n\n\n<p>Das Recht der Daten Tragbarkeit. Du hast das Recht, eine Kopie aller Informationen, die wir \u00fcber dich haben, in einer Strukturierten, maschinen-lesbaren und in einem allgemeinen Format anzufordern.<\/p>\n\n\n\n<p>Das Recht die Zustimmung zu widerrufen. Du hast au\u00dferdem das Recht deine Zustimmung, dass deine Daten von uns verarbeitet werden, jederzeit zu widerrufen. Auch wenn der Freaky Frogs e.V. sich auf die Verarbeitung deiner personenbezogenen Daten verlassen hat.<\/p>\n\n\n\n<p>Bitte beachte, dass wir zuerst deine Identit\u00e4t pr\u00fcfen m\u00fcssen, bevor wir eine solche Anfrage bearbeiten k\u00f6nnen.<\/p>\n\n\n\n<p>Du hast das Recht, Beschwerde bei einer Datenschutzbeh\u00f6rde \u00fcber unser Sammeln und unsere Benutzung deiner personenbezogenen Daten einzulegen. F\u00fcr mehr Informationen, kontaktiere bitte deine Lokale Datenschutzbeh\u00f6rde im Europ\u00e4ischen Wirtschaftsraum (EWR \/ EEA).<\/p>\n\n\n\n<p><strong>Bezahlvorg\u00e4nge<\/strong><\/p>\n\n\n\n<p>Wir nehmen Mitgliedsbeitr\u00e4ge und Ligageb\u00fchren nur Bar entgegen und beziehen keine zus\u00e4tzlichen personenbezogenen Daten ein.<\/p>\n\n\n\n<p><strong>Links zu anderen Seiten<\/strong><\/p>\n\n\n\n<p>Unsere Seite kann Links zu anderen Websites, welche nicht von uns betrieben werden beinhalten. Wenn du auf einen solchen Drittanbieterlink klickst, wirst du auf die Drittanbieter Website weitergeleitet. Wir empfehlen w\u00e4rmstens die Datenschutzerkl\u00e4rung jeder Seite durchzulesen, welche du besuchst.<\/p>\n\n\n\n<p>Wir haben keine Kontrolle und nehmen keine Verantwortung f\u00fcr den Content, die Datenschutzerkl\u00e4rung oder anderen Praktiken f\u00fcr jedwede Drittanbieter Seite oder deren Dienstleistungen.<\/p>\n\n\n\n<p><strong>Sessions und Cookies<\/strong><\/p>\n\n\n\n<p><a><\/a>Zur Betreibung der Website k\u00f6nnen wir Cookies oder serverseitige Sessions einsetzen, in denen Daten gespeichert werden k\u00f6nnen. Cookies sind Dateien, die von einer Webseite auf Ihrer Festplatte abgelegt werden, um diesen Computer beim n\u00e4chsten Webseitenbesuch automatisch wieder zu erkennen und damit die Nutzung der Webseite an Sie anpassen zu k\u00f6nnen. Einige der verwendeten Cookies werden nach dem Ende der Browser-Sitzung wieder gel\u00f6scht. Dabei handelt es sich um sogenannte Sitzungs-Cookies. Andere Cookies verbleiben auf Ihrem Endger\u00e4t und erm\u00f6glichen die Wiedererkennung des Browsers bei einem sp\u00e4teren Besuch unserer Website (dauerhafte Cookies). Sie k\u00f6nnen Ihren Browser so einstellen, dass Sie \u00fcber das Setzen von Cookies informiert werden und einzeln \u00fcber deren Annahme entscheiden oder die Annahme von Cookies f\u00fcr bestimmte F\u00e4lle oder generell ausschlie\u00dfen. Bitte beachten Sie dabei, dass Sie m\u00f6glicherweise einige Funktionen dieser Website nicht nutzen k\u00f6nnen, wenn die Cookies deaktiviert sind. Wir stellen sicher, dass keine personenbezogenen Daten aus Sessions oder durch Cookies \u00fcbernommen werden und Cookies nur eingesetzt werden, sofern dies f\u00fcr die Website erforderlich ist. Somit ergibt die Abw\u00e4gung, dass keine \u00fcberwiegenden Interessen Ihrerseits entgegenstehen (Art. 6 I f DSGVO<\/p>\n\n\n\n<p><strong>Kinder Datenschutz<\/strong><\/p>\n\n\n\n<p>Unsere Seite und der Verein richtet sich an keine Person unter 18 Jahren (&#8222;Kindern&#8220;), ohne die ausdr\u00fcckliche Erlaubnis eines Erziehungsberechtigten.<\/p>\n\n\n\n<p>Wir sammeln nicht bewusst personenbezogene Daten von Personen unter dem Alter von 18 Jahren. Wenn du ein Elternteil oder Erziehungsberechtigter bist und dir bewusst ist, dass dein Kind uns personenbezogene Daten zukommen lassen hat, kontaktiere uns bitte. Sobald uns bewusst wird, dass wir personenbezogene Daten von Kindern ohne Zustimmung der Eltern erhalten haben, werden wir diese Daten aus unseren Datenbestand l\u00f6schen.<\/p>\n\n\n\n<p><strong>\u00c4nderungen an dieser Datenschutzerkl\u00e4rung<\/strong><\/p>\n\n\n\n<p>Wir werden diese Datenschutzerkl\u00e4rung von Zeit zu Zeit \u00e4ndern. Wir werden dich bei jeder \u00c4nderung \u00fcber diese Seite auf dem Laufenden halten.<\/p>\n\n\n\n<p>Wir werden dich \u00fcber einen oder mehrere Wege \u00fcber \u00c4nderungen unterrichten, bevor die \u00c4nderungen wirksam werden. Entweder per E-Mail\/ Whats-App oder per Aushang in unserem Vereinssitz. Die \u00c4nderung wird wirksam ab dem Datum, welches oben bei &#8222;Wirksam ab: &#8220; steht.<\/p>\n\n\n\n<p>Wir raten dir, diese Datenschutzerkl\u00e4rung hin und wieder anzusehen um keine \u00c4nderungen zu verpassen. \u00c4nderungen zu dieser Datenschutzerkl\u00e4rung werden wirksam sobald sie auf dieser Seite gepostet werden.<\/p>\n\n\n\n<p><strong>Kontakt<\/strong><\/p>\n\n\n\n<p>Wenn du Fragen zu dieser Datenschutzerkl\u00e4rung hast, kontaktiere uns unter:<\/p>\n\n\n\n<p><a><\/a>Per E-Mail:&nbsp;<a>info@freakyfrogs.de<\/a><\/p>\n\n\n\n<p>\u00dcber das Kontaktformular auf unserer Website&nbsp;<a href=\"http:\/\/www.freakyfrogs.de\/\">www.freakyfrogs.de<\/a><\/p>\n\n\n\n<p><strong>Allgemeine Information \u00fcber Sportergebnismanagement:<\/strong><\/p>\n\n\n\n<p>Aufgrund der Einwilligung der betroffenen Person nach Art. 6 Abs. 1 lit. a DSGVO bzw. der Erf\u00fcllung einer vertraglichen bzw. rechtlichen Verpflichtung des Verantwortlichen nach Art. 6 Abs. 1 lit. b und c bzw. f DSGVO werden die personenbezogenen Daten der betroffenen Person, soweit diese f\u00fcr die Leistungs-\/ Ergebniserfassung bzw. Ergebnismanagement im Zusammenhang mit der Anmeldung oder Teilnahme an (sportlichen) Veranstaltungen oder Wettk\u00e4mpfen erforderlich sind, gespeichert und auch nach Art. 17 Abs. 3 in Verbindung mit Art. 89 DSGVO f\u00fcr im \u00f6ffentlichen Interesse liegende Archivzwecke und berechtigte Interessen des Verantwortlichen gespeichert und \u00f6ffentlich zug\u00e4nglich gemacht. Dies wird von der betroffenen Person ausdr\u00fccklich zur Kenntnis genommen.<\/p>\n","protected":false},"excerpt":{"rendered":"<p>Datenschutzerkl\u00e4rung Wirksam ab: 05.02.2020 Der Verein Freaky Frogs e.V. (&#8222;uns&#8220;, &#8222;wir&#8220;, &#8222;Verein&#8220; oder &#8222;unsere&#8220;) betreibt die Website&nbsp;https:\/\/www.freakyfrogs.de(&#8222;Seite&#8220;, &#8222;Website&#8220;). Wir erheben nur Daten von Vereinsmitgliedern und Liga-Teilnehmern (&#8222;deinen&#8220;, &#8222;euren&#8220;, &#8222;Mitglied(er)&#8220;, oder &#8222;du\/ihr&#8220;), w\u00e4hrend des Anmeldevorgangs, welcher pers\u00f6nlich oder schriftlich und nicht \u00fcber diese Seite stattfindet. Diese Seite informiert dich \u00fcber unsere Richtlinien bez\u00fcglich des Speicherns, der [&hellip;]<\/p>\n","protected":false},"author":2,"featured_media":0,"parent":0,"menu_order":777,"comment_status":"closed","ping_status":"closed","template":"","meta":{"footnotes":""},"class_list":["post-3","page","type-page","status-publish","hentry"],"_links":{"self":[{"href":"https:\/\/www.freakyfrogs.de\/index.php?rest_route=\/wp\/v2\/pages\/3","targetHints":{"allow":["GET"]}}],"collection":[{"href":"https:\/\/www.freakyfrogs.de\/index.php?rest_route=\/wp\/v2\/pages"}],"about":[{"href":"https:\/\/www.freakyfrogs.de\/index.php?rest_route=\/wp\/v2\/types\/page"}],"author":[{"embeddable":true,"href":"https:\/\/www.freakyfrogs.de\/index.php?rest_route=\/wp\/v2\/users\/2"}],"replies":[{"embeddable":true,"href":"https:\/\/www.freakyfrogs.de\/index.php?rest_route=%2Fwp%2Fv2%2Fcomments&post=3"}],"version-history":[{"count":2,"href":"https:\/\/www.freakyfrogs.de\/index.php?rest_route=\/wp\/v2\/pages\/3\/revisions"}],"predecessor-version":[{"id":259,"href":"https:\/\/www.freakyfrogs.de\/index.php?rest_route=\/wp\/v2\/pages\/3\/revisions\/259"}],"wp:attachment":[{"href":"https:\/\/www.freakyfrogs.de\/index.php?rest_route=%2Fwp%2Fv2%2Fmedia&parent=3"}],"curies":[{"name":"wp","href":"https:\/\/api.w.org\/{rel}","templated":true}]}}