{"id":10,"date":"2024-01-14T23:02:51","date_gmt":"2024-01-14T22:02:51","guid":{"rendered":"https:\/\/www.freakyfrogs.de\/?page_id=10"},"modified":"2026-01-11T18:05:08","modified_gmt":"2026-01-11T17:05:08","slug":"impressum","status":"publish","type":"page","link":"https:\/\/www.freakyfrogs.de\/?page_id=10","title":{"rendered":"Impressum"},"content":{"rendered":"\n<p>Anbieterkennung gem\u00e4\u00df Telemediengesetz (TMG):<\/p>\n\n\n\n<p>dies ist die Seite des<br>Freaky Frogs e.V.<\/p>\n\n\n\n<p>eingetragen beim Vereinsregister des Amtsgericht Freiburg unter der Nr. 391127<\/p>\n\n\n\n<p>Vorstand im Sinne des \u00a726 BGB:<\/p>\n\n\n\n<p>Kevin Ke\u00dfler<br>Max Huber<br>Myrielle Ehrler<\/p>\n\n\n\n<p>Postanschrift:<\/p>\n\n\n\n<p>Freaky Frogs e.V.<\/p>\n\n\n\n<p>Kevin Ke\u00dfler<br>Elzstr. 5<br><br>77963 Schwanau<br><br><br>Email:<\/p>\n\n\n\n<p><a><\/a><a>info@freakyfrogs.de<\/a><\/p>\n\n\n\n<p>Copyright:<br>Alle Grafiken, Scripte und Texte dieses Internetangebots unterliegen, soweit nicht anders angegeben, dem Copyright des Freaky Frogs e. V. Sie d\u00fcrfen ohne unsere ausdr\u00fcckliche Genehmigung weder im Ganzen noch auszugsweise genutzt bzw. kopiert werden. Unautorisierter Gebrauch und Versto\u00df gegen das Urheberrecht wird von uns zivilrechtlich verfolgt. Der Autor ist bestrebt, in allen Publikationen die Urheberrechte der verwendeten Grafiken, Tondokumente, Videosequenzen und Texte zu beachten, von ihm selbst erstellte Grafiken, Tondokumente, Videosequenzen und Texte zu nutzen oder auf lizenzfreie Grafiken, Tondokumente, Videosequenzen und Texte zur\u00fcckzugreifen.<br>Alle innerhalb des Internetangebotes genannten und ggf. durch Dritte gesch\u00fctzten Marken- und Warenzeichen unterliegen uneingeschr\u00e4nkt den Bestimmungen des jeweils g\u00fcltigen Kennzeichenrechts und den Besitzrechten der jeweiligen eingetragenen Eigent\u00fcmer. Allein aufgrund der blo\u00dfen Nennung ist nicht der Schluss zu ziehen, dass Markenzeichen nicht durch Rechte Dritter gesch\u00fctzt sind!<\/p>\n\n\n\n<p>Haftungshinweis:&nbsp;<br>Die Inhalte der Internetseiten werden sorgf\u00e4ltig gepr\u00fcft und nach bestem Wissen erstellt. Jedoch kann keinerlei Gew\u00e4hr f\u00fcr die Korrektheit, Vollst\u00e4ndigkeit, Aktualit\u00e4t oder Qualit\u00e4t der bereitgestellten Informationen \u00fcbernommen werden.&nbsp;<br>Wir behalten es uns ausdr\u00fccklich vor, Teile der Seiten oder das gesamte Angebot ohne gesonderte Ank\u00fcndigung zu ver\u00e4ndern, zu erg\u00e4nzen, zu l\u00f6schen oder die Ver\u00f6ffentlichung zeitweise oder endg\u00fcltig einzustellen.&nbsp;<br>Trotz sorgf\u00e4ltiger inhaltlicher Kontrolle \u00fcbernehmen wir keine Haftung f\u00fcr die Inhalte externer Links. F\u00fcr den Inhalt der verlinkten Seiten sind ausschlie\u00dflich deren Betreiber verantwortlich.<\/p>\n\n\n\n<p>Datenschutzerkl\u00e4rung:&nbsp;<br>Der Schutz Ihrer personenbezogenen Daten bei der Erhebung, Verarbeitung und Nutzung anl\u00e4sslich Ihres Besuchs auf unserer Homepage ist uns ein wichtiges Anliegen. Ihre Daten werden im Rahmen der gesetzlichen Vorschriften gesch\u00fctzt.&nbsp;<br>Jeder Zugriff auf unsere Homepage und jeder Abruf einer auf der Homepage hinterlegten Datei werden protokolliert. Die Speicherung dient internen systembezogenen und statistischen Zwecken. Protokolliert werden: Name der abgerufenen Datei, Datum und Uhrzeit des Abrufs, \u00fcbertragene Datenmenge, Meldung \u00fcber erfolgreichen Abruf, Webbrowser und anfragende Domain. Zus\u00e4tzlich werden die IP Adressen der anfragenden Rechner protokolliert. Weitergehende personenbezogene Daten werden nur erfasst, wenn Sie diese Angaben freiwillig, etwa im Rahmen einer Anfrage machen.&nbsp;<br>Soweit Sie uns personenbezogene Daten zur Verf\u00fcgung gestellt haben, verwenden wir diese nur zur Beantwortung Ihrer Anfragen.&nbsp;<br>Wir sind bem\u00fcht, Ihre personenbezogenen Daten durch Ergreifung aller technischen und organisatorischen M\u00f6glichkeiten so zu speichern, dass sie f\u00fcr Dritte nicht zug\u00e4nglich sind.<\/p>\n\n\n\n<p>Rechtswirksamkeit dieses Haftungsausschlusses:<br>Dieser Haftungsausschluss ist als Teil des Internetangebotes zu betrachten, von dem aus auf diese Seite verwiesen wurde. Sofern Teile oder einzelne Formulierungen dieses Textes der geltenden Rechtslage nicht, nicht mehr oder nicht vollst\u00e4ndig entsprechen sollten, bleiben die \u00fcbrigen Teile des Dokumentes in ihrem Inhalt und ihrer G\u00fcltigkeit davon unber\u00fchrt.<\/p>\n","protected":false},"excerpt":{"rendered":"<p>Anbieterkennung gem\u00e4\u00df Telemediengesetz (TMG): dies ist die Seite desFreaky Frogs e.V. eingetragen beim Vereinsregister des Amtsgericht Freiburg unter der Nr. 391127 Vorstand im Sinne des \u00a726 BGB: Kevin Ke\u00dflerMax HuberMyrielle Ehrler Postanschrift: Freaky Frogs e.V. Kevin Ke\u00dflerElzstr. 5 77963 Schwanau Email: info@freakyfrogs.de Copyright:Alle Grafiken, Scripte und Texte dieses Internetangebots unterliegen, soweit nicht anders angegeben, dem [&hellip;]<\/p>\n","protected":false},"author":2,"featured_media":0,"parent":0,"menu_order":999,"comment_status":"closed","ping_status":"closed","template":"","meta":{"footnotes":""},"class_list":["post-10","page","type-page","status-publish","hentry"],"_links":{"self":[{"href":"https:\/\/www.freakyfrogs.de\/index.php?rest_route=\/wp\/v2\/pages\/10","targetHints":{"allow":["GET"]}}],"collection":[{"href":"https:\/\/www.freakyfrogs.de\/index.php?rest_route=\/wp\/v2\/pages"}],"about":[{"href":"https:\/\/www.freakyfrogs.de\/index.php?rest_route=\/wp\/v2\/types\/page"}],"author":[{"embeddable":true,"href":"https:\/\/www.freakyfrogs.de\/index.php?rest_route=\/wp\/v2\/users\/2"}],"replies":[{"embeddable":true,"href":"https:\/\/www.freakyfrogs.de\/index.php?rest_route=%2Fwp%2Fv2%2Fcomments&post=10"}],"version-history":[{"count":3,"href":"https:\/\/www.freakyfrogs.de\/index.php?rest_route=\/wp\/v2\/pages\/10\/revisions"}],"predecessor-version":[{"id":261,"href":"https:\/\/www.freakyfrogs.de\/index.php?rest_route=\/wp\/v2\/pages\/10\/revisions\/261"}],"wp:attachment":[{"href":"https:\/\/www.freakyfrogs.de\/index.php?rest_route=%2Fwp%2Fv2%2Fmedia&parent=10"}],"curies":[{"name":"wp","href":"https:\/\/api.w.org\/{rel}","templated":true}]}}